{"id":2328,"date":"2023-01-15T12:38:12","date_gmt":"2023-01-15T12:38:12","guid":{"rendered":"https:\/\/forsius.ee\/andmekaitsetingimused\/"},"modified":"2023-10-25T12:44:15","modified_gmt":"2023-10-25T12:44:15","slug":"andmekaitsetingimused","status":"publish","type":"page","link":"https:\/\/forsius.ee\/en\/andmekaitsetingimused\/","title":{"rendered":"Data protection conditions"},"content":{"rendered":"\t\t<div data-elementor-type=\"wp-page\" data-elementor-id=\"2328\" class=\"elementor elementor-2328 elementor-1209\" data-elementor-post-type=\"page\">\n\t\t\t\t\t\t<section class=\"elementor-section elementor-top-section elementor-element elementor-element-668714e4 elementor-section-boxed elementor-section-height-default elementor-section-height-default\" data-id=\"668714e4\" data-element_type=\"section\" data-e-type=\"section\">\n\t\t\t\t\t\t<div class=\"elementor-container elementor-column-gap-default\">\n\t\t\t\t\t<div class=\"elementor-column elementor-col-100 elementor-top-column elementor-element elementor-element-fb2487c\" data-id=\"fb2487c\" data-element_type=\"column\" data-e-type=\"column\">\n\t\t\t<div class=\"elementor-widget-wrap elementor-element-populated\">\n\t\t\t\t\t\t<div class=\"elementor-element elementor-element-62c8707b elementor-widget elementor-widget-text-editor\" data-id=\"62c8707b\" data-element_type=\"widget\" data-e-type=\"widget\" data-widget_type=\"text-editor.default\">\n\t\t\t\t<div class=\"elementor-widget-container\">\n\t\t\t\t\t\t\t\t\t<p class=\"p1\"><b>ISIKUANDMETE T\u00d6\u00d6TLEMISE TINGIMUSED<\/b><\/p>\n<p class=\"p3\">Veebilehe www.forsius.ee isikuandmete vastutav t\u00f6\u00f6tleja on Forsius Matuseb\u00fcroo O\u00dc (registrikood 12815960) asukohaga F.R. Kreutzwalsi 3, 10120 Tallinn, tel (+372) 6 400 601 ja e-kiri matus@forsius.ee.<\/p>\n<p class=\"p3\">Oleme v\u00f5tnud endale kohustuse kaitsta klientide ja kasutajate privaatsust. Sellest l\u00e4htuvalt oleme koostanud k\u00e4esolevad privaatsuspoliitika p\u00f5him\u00f5tted, mis k\u00e4sitlevad kliendi andmete kogumist, kasutamist, edastamist ja talletamist. Meie tegevus internetis on koosk\u00f5las k\u00f5igi asjakohaste tegevuste ja vastavate Euroopa Liidu \u00f5igusaktide ja Eesti Vabariigi seadustega.<\/p>\n<p class=\"p2\">\u00a0<\/p>\n<p class=\"p3\"><b>Milliseid isikuandmeid t\u00f6\u00f6deldakse<\/b><\/p>\n<p class=\"p3\">Isikuandmed on andmed, mida Forsius Matuseb\u00fcroo kogub \u00fcksikisiku tuvastamiseks v\u00f5i temaga \u00fchenduse v\u00f5tmiseks.<\/p>\n<p class=\"p3\">Isikuandmete kogumine v\u00f5ib toimuda kliendi n\u00f5usolekul j\u00e4rgnevatel viisidel:<\/p>\n<ul class=\"ul1\">\n<li class=\"li3\">Kontaktandmete (sh teie nimi, postiaadress, telefoninumber, e-posti aadress) esitamisel meie veebilehel<\/li>\n<li class=\"li3\">Veebilehe kasutamisel kliendi kontoinfost v\u00f5i k\u00fcpsiste (cookies) kaudu<\/li>\n<li class=\"li3\">Ostu v\u00f5i tellimuse sooritamisel meie veebilehe ostukeskkonnas (ostukeskkond v\u00f5ib paluda teatud veebilehe aladel vabatahtlikult esitada isikuandmeid ja personaalset informatsiooni. N\u00f5utavad isikuandmed v\u00f5ivad sisaldada nime, aadressi, postiindeksit, e-posti aadressi ja telefoninumbrit)<\/li>\n<li class=\"li3\">J\u00e4relmaksutaotluse esitamisel<\/li>\n<\/ul>\n<p class=\"p2\">\u00a0<\/p>\n<p class=\"p3\"><b>Mis eesm\u00e4rgil isikuandmeid t\u00f6\u00f6deldakse<\/b><\/p>\n<ul class=\"ul1\">\n<li class=\"li3\">Isikuandmeid kasutatakse kliendi tellimuse haldamiseks ja teenuste ning toodete t\u00e4pseks komplekteerimiseks.<\/li>\n<li class=\"li3\">Ostuajaloo andmeid (ostu kuup\u00e4ev, teenus, kaup, kogus, kliendi andmed) kasutatakse ostetud teenuste ja toodete \u00fclevaate koostamiseks ning kliendieelistuste anal\u00fc\u00fcsimiseks.<\/li>\n<li class=\"li3\">Pangakonto numbrit kasutatakse kliendile maksete tagastamiseks.<\/li>\n<li class=\"li3\">Isikuandmeid nagu e-post, telefoni nr, kliendi nimi, t\u00f6\u00f6deldakse selleks, et lahendada teenuste ja toodete osutamise seonduvaid k\u00fcsimusi (klienditugi).<\/li>\n<li class=\"li3\">Veebilehe (forsius.ee) kasutaja IP-aadressi v\u00f5i teisi v\u00f5rguidentifikaatoreid t\u00f6\u00f6deldakse veebilehe kui info\u00fchiskonna teenuse osutamiseks ning veebikasutusstatistika tegemiseks.<\/li>\n<\/ul>\n<p class=\"p3\"><b> \u00d5iguslik alus<\/b><\/p>\n<ul class=\"ul1\">\n<li class=\"li3\">Isikuandmete t\u00f6\u00f6tlemine toimub kliendi poolt esitatud tellimuse t\u00e4itmise eesm\u00e4rgil.<\/li>\n<li class=\"li3\">Isikuandmete t\u00f6\u00f6tlemine toimub juriidilise kohustuse t\u00e4itmiseks (nt raamatupidamine ja tarbijavaidluste lahendamine).<\/li>\n<\/ul>\n<p class=\"p2\">\u00a0<\/p>\n<p class=\"p3\"><b>Vastuv\u00f5tjad, kellele isikuandmed edastatakse<\/b><\/p>\n<ul class=\"ul1\">\n<li class=\"li3\">Isikuandmed edastatakse veebipoe klienditoele ostude ja ostuajaloo haldamiseks ja kliendiprobleemide lahendamiseks.<\/li>\n<\/ul>\n<p class=\"p2\">\u00a0<\/p>\n<p class=\"p3\"><b>Turvalisus ja andmetele ligip\u00e4\u00e4s<\/b><\/p>\n<ul class=\"ul1\">\n<li class=\"li3\">Isikuandmeid hoitakse serverites, mis asuvad Eesti Vabariigi territooriumil.<\/li>\n<li class=\"li3\">Juurdep\u00e4\u00e4s isikuandmetele on veebilehe t\u00f6\u00f6tajatel, kes saavad isikuandmetega tutvuda selleks, et lahendada veebilehe kasutamisega seonduvaid tehnilisi k\u00fcsimusi ning osutada klienditoe teenust.<\/li>\n<li class=\"li3\">Meie veebileht rakendab asjakohaseid f\u00fc\u00fcsilisi, organisatsioonilisi ja infotehnilisi turvameetmeid, et kaitsta isikuandmeid juhusliku v\u00f5i ebaseadusliku h\u00e4vitamise, kaotsimineku, muutmise v\u00f5i loata juurdep\u00e4\u00e4su ja avalikustamise eest.<\/li>\n<li class=\"li3\">Isikuandmete edastamine Forsius Matuseb\u00fcroo volitatud t\u00f6\u00f6tlejatele (nt tellimuse t\u00e4itmiseks vajamineva teenuse pakkuja ja andmemajutus) toimub veebilehe ja volitatud t\u00f6\u00f6tlejatega s\u00f5lmitud lepingute alusel. Volitatud t\u00f6\u00f6tlejaid on kohustatud tagama isikuandmete t\u00f6\u00f6tlemisel asjakohased kaitsemeetmed.<\/li>\n<\/ul>\n<p class=\"p2\">\u00a0<\/p>\n<p class=\"p3\"><b>Isikuandmetega tutvumine ja parandamine<\/b><\/p>\n<p class=\"p3\">Veebilehe (forsius.ee) tellimiskeskkonnas puudub personaalne kasutaja tellimiskeskkond. Kui tellimus on sooritatud saab tutvuda esitatud isikuandmetega tellija emailile saadetud tellimusekinnituses v\u00f5i klienditoe vahendusel telefonil 6400 601 v\u00f5i emaili aadressil matus@forsius.ee.<\/p>\n<p class=\"p2\">\u00a0<\/p>\n<p class=\"p3\"><b>N\u00f5usoleku tagasiv\u00f5tmine<\/b><\/p>\n<p class=\"p3\">Kui isikundmete t\u00f6\u00f6tlemine toimub kliendi n\u00f5usoleku alusel, siis on kliendil \u00f5igus n\u00f5usolek tagasi v\u00f5tta teavitades sellest kliendituge kirjalikult e-posti teel matus@forsius.ee.<\/p>\n<p class=\"p2\"><span class=\"Apple-converted-space\">\u00a0\u00a0<\/span><\/p>\n<p class=\"p3\"><b>S\u00e4ilitamine<\/b><\/p>\n<ul class=\"ul1\">\n<li class=\"li3\">Veebilehel forsius.ee sooritatud tellimuse info s\u00e4ilitatakse viis aastat.<\/li>\n<li class=\"li3\">Maksetega ja tarbijavaidlustega seotud vaidluste korral s\u00e4ilitatakse isikuandmed kuni n\u00f5ude t\u00e4itmiseni v\u00f5i aegumist\u00e4htaja l\u00f5puni.<\/li>\n<li class=\"li3\">Raamatupidamise jaoks vajalikud isikuandmed s\u00e4ilitatakse seitse aastat.<\/li>\n<\/ul>\n<p class=\"p2\">\u00a0<\/p>\n<p class=\"p3\"><b>Kustutamine<\/b><\/p>\n<p class=\"p3\">Isikuandmete kustutamiseks tuleb v\u00f5tta \u00fchendust klienditoega e-posti teel matus@forsius.ee. Kustutamistaotlusele vastatakse mitte hiljem kui 14 p\u00e4eva jooksul ning t\u00e4psustakse andmete kustutamise aeg.<\/p>\n<p class=\"p2\">\u00a0<\/p>\n<p class=\"p3\"><b>Vaidluste lahendamine<\/b><\/p>\n<p class=\"p3\">Meie veebilehte kasutama asudes, eeldame, et olete nende p\u00f5him\u00f5tetega tutvunud ning n\u00f5ustute nendega. K\u00f5igi privaatsuspoliitika v\u00f5i andmet\u00f6\u00f6tluse kohta tekkivate k\u00fcsimuste v\u00f5i muredega palume v\u00f5tta meiega \u00fchendust telefonil 6400 601 v\u00f5i emaili teel matus@forsius.ee.<\/p>\n<p class=\"p3\">Isikuandmete t\u00f6\u00f6tlemisega seotud vaidluste lahendamine toimub klienditoe vahendusel (matus@forsius.ee). J\u00e4relevalveasutus on Eesti Andmekaitse Inspektsioon (info@aki.ee).<\/p>\t\t\t\t\t\t\t\t<\/div>\n\t\t\t\t<\/div>\n\t\t\t\t\t<\/div>\n\t\t<\/div>\n\t\t\t\t\t<\/div>\n\t\t<\/section>\n\t\t\t\t<\/div>\n\t\t","protected":false},"excerpt":{"rendered":"<p>ISIKUANDMETE T\u00d6\u00d6TLEMISE TINGIMUSED Veebilehe www.forsius.ee isikuandmete vastutav t\u00f6\u00f6tleja on Forsius Matuseb\u00fcroo O\u00dc (registrikood 12815960) asukohaga F.R. Kreutzwalsi 3, 10120 Tallinn, tel (+372) 6 400 601 ja e-kiri matus@forsius.ee. Oleme v\u00f5tnud endale kohustuse kaitsta klientide ja kasutajate privaatsust. Sellest l\u00e4htuvalt oleme koostanud k\u00e4esolevad privaatsuspoliitika p\u00f5him\u00f5tted, mis k\u00e4sitlevad kliendi andmete kogumist, kasutamist, edastamist ja talletamist. Meie tegevus &hellip;<\/p>\n<p class=\"read-more\"> <a class=\"\" href=\"https:\/\/forsius.ee\/en\/andmekaitsetingimused\/\"> <span class=\"screen-reader-text\">Data protection conditions<\/span> Read More &raquo;<\/a><\/p>\n","protected":false},"author":1,"featured_media":0,"parent":0,"menu_order":0,"comment_status":"closed","ping_status":"closed","template":"","meta":{"site-sidebar-layout":"default","site-content-layout":"default","ast-global-header-display":"","ast-main-header-display":"","ast-hfb-above-header-display":"","ast-hfb-below-header-display":"","ast-hfb-mobile-header-display":"","site-post-title":"","ast-breadcrumbs-content":"","ast-featured-img":"","footer-sml-layout":"","theme-transparent-header-meta":"","adv-header-id-meta":"","stick-header-meta":"","header-above-stick-meta":"","header-main-stick-meta":"","header-below-stick-meta":"","footnotes":""},"class_list":["post-2328","page","type-page","status-publish","hentry"],"_links":{"self":[{"href":"https:\/\/forsius.ee\/en\/wp-json\/wp\/v2\/pages\/2328","targetHints":{"allow":["GET"]}}],"collection":[{"href":"https:\/\/forsius.ee\/en\/wp-json\/wp\/v2\/pages"}],"about":[{"href":"https:\/\/forsius.ee\/en\/wp-json\/wp\/v2\/types\/page"}],"author":[{"embeddable":true,"href":"https:\/\/forsius.ee\/en\/wp-json\/wp\/v2\/users\/1"}],"replies":[{"embeddable":true,"href":"https:\/\/forsius.ee\/en\/wp-json\/wp\/v2\/comments?post=2328"}],"version-history":[{"count":1,"href":"https:\/\/forsius.ee\/en\/wp-json\/wp\/v2\/pages\/2328\/revisions"}],"predecessor-version":[{"id":2330,"href":"https:\/\/forsius.ee\/en\/wp-json\/wp\/v2\/pages\/2328\/revisions\/2330"}],"wp:attachment":[{"href":"https:\/\/forsius.ee\/en\/wp-json\/wp\/v2\/media?parent=2328"}],"curies":[{"name":"wp","href":"https:\/\/api.w.org\/{rel}","templated":true}]}}