{"id":2393,"date":"2023-02-20T16:08:41","date_gmt":"2023-02-20T16:08:41","guid":{"rendered":"https:\/\/forsius.ee\/elementor-1943\/"},"modified":"2023-10-25T12:58:04","modified_gmt":"2023-10-25T12:58:04","slug":"elementor-1943","status":"publish","type":"page","link":"https:\/\/forsius.ee\/ru\/elementor-1943\/","title":{"rendered":"\u0423\u0441\u043b\u043e\u0432\u0438\u044f \u043f\u0440\u043e\u0434\u0430\u0436\u0438"},"content":{"rendered":"\t\t<div data-elementor-type=\"wp-page\" data-elementor-id=\"2393\" class=\"elementor elementor-2393 elementor-1943\" data-elementor-post-type=\"page\">\n\t\t\t\t\t\t<section class=\"elementor-section elementor-top-section elementor-element elementor-element-74cc277 elementor-section-boxed elementor-section-height-default elementor-section-height-default\" data-id=\"74cc277\" data-element_type=\"section\" data-e-type=\"section\">\n\t\t\t\t\t\t<div class=\"elementor-container elementor-column-gap-default\">\n\t\t\t\t\t<div class=\"elementor-column elementor-col-100 elementor-top-column elementor-element elementor-element-e799c5b\" data-id=\"e799c5b\" data-element_type=\"column\" data-e-type=\"column\">\n\t\t\t<div class=\"elementor-widget-wrap elementor-element-populated\">\n\t\t\t\t\t\t<div class=\"elementor-element elementor-element-f413550 elementor-widget elementor-widget-text-editor\" data-id=\"f413550\" data-element_type=\"widget\" data-e-type=\"widget\" data-widget_type=\"text-editor.default\">\n\t\t\t\t<div class=\"elementor-widget-container\">\n\t\t\t\t\t\t\t\t\t<p class=\"p1\"><b>TELLIMISKESKKONNA TINGIMUSED<\/b><\/p>\n<p class=\"p1\"><b>1.Tellimistingimuste kehtivus<\/b><\/p>\n<p class=\"p1\">1.1.Tingimused kehtivad tellimiskeskkonnas aadressil forsius.ee ostu sooritava isiku (edaspidi Tellija) ja Forsius Matuseb\u00fcroo O\u00dc (edaspidi M\u00fc\u00fcja) vahel teenuste ka kaupade ostmisel tekkivate kohustuste ja \u00f5iguste kohta.<\/p>\n<p class=\"p1\">1.2.Tellimuse ostu sooritamisel n\u00f5ustub Tellija tellimistingimustega t\u00e4ielikult.<\/p>\n<p class=\"p1\">1.3. K\u00f5ik tellimiskeskkonnas pakutavad teenused ja kaubad m\u00fc\u00fcakse Tellijale M\u00fc\u00fcja poolt.<\/p>\n<p class=\"p1\"><b>2.Teenused ja kaubad.<\/b><\/p>\n<p class=\"p1\">2.1. K\u00f5ik teenused ja kaubad, m\u00fc\u00fcakse t\u00e4isteenuse paketina. Paketis olevast \u00fcksikust teenusest v\u00f5i kaubast loobuda ei saa kuid v\u00f5imalus on vahetada sama kategooria kauba vastu.<\/p>\n<p class=\"p1\">2.2. Paketis olevad osad teenuseid ja kaubad on erinevast hinnaklassist ja valiku v\u00f5imalusega, vastavalt Tellija valikule kujuneb ka paketi l\u00f5pphind.<\/p>\n<p class=\"p1\">2.3. Tellitud tuhastusteenus teostatakse Tallinna Krematoorium AS\u2019s.<\/p>\n<p class=\"p1\">2.4. K\u00f5ik teenuste ja kaupade hinnad on Eurodes ja sisaldavad Eesti Vabariigi k\u00e4ibemaksu 20 %.<\/p>\n<p class=\"p1\">2.5. Tellija jaoks kehtib tellimiskeskkonnas teenuste ja kaupade hind, mis v\u00f5ib erineda tavahinnast.<\/p>\n<p class=\"p1\">2.6. Juhul, kui Tellija poolt valitud ajal pole v\u00f5imalik M\u00fc\u00fcjal matuse tseremooniat v\u00f5i tuhastamist korraldada, on M\u00fc\u00fcjal \u00f5igus koosk\u00f5las Tellija ga leida m\u00f5lemale poolele tellimuse t\u00e4itmiseks uus sobiv aeg. M\u00fc\u00fcja kohustub hiljemalt j\u00e4rgmisel t\u00f6\u00f6p\u00e4eval peale tellimuse laekumist v\u00f5tma Tellijaga \u00fchendust ning kinnitama k\u00f5ikide teenuste ja kaupade saadavuse vastavalt tellimuses kokkulepitud ajakavale.<\/p>\n<p class=\"p1\">2.7. Koosk\u00f5las M\u00fc\u00fcjaga on v\u00f5imalik tellida lisaks paketis kirjeldamata teenuseid ja tooteid. Tellimiskeskkonnas oleva hinna puudumisel saab Tellija tellida M\u00fc\u00fcjalt hinnapakkumise.<\/p>\n<p class=\"p1\">2.8. Tellimiskeskkonnas olevate toodete fotod on illustratiivse t\u00e4hendusega ja ei pruugi vastata t\u00e4pselt pildil olevale. M\u00fc\u00fcja kohustub siiski rangelt j\u00e4rgima toote kirjeldusele vastavust materjalile, disainile, v\u00e4rvile, suurusele, hinnale.<\/p>\n<p class=\"p1\">2.9. Teenuste ja kaupade kirjeldus ei pruugi tellimiskeskkonnas olla t\u00e4pne v\u00f5i piisavalt detailne. Tellijal on alati v\u00f5imalik eelnevalt tulla M\u00fc\u00fcja esindusse (aadressil: F.R.Kreutzwaldi 3, Tallinn 10120) kohapeale v\u00f5i v\u00f5tta meiega \u00fchendust telefonil 6400 601.<\/p>\n<p class=\"p1\">2.9. Kui Tellija poolt tellitud kaup on v\u00e4ljam\u00fc\u00fcdud v\u00f5i ei j\u00f5ua t\u00e4htajaks valmis, asendatakse see samav\u00e4\u00e4rsega vaid Tellija n\u00f5usolekul.<\/p>\n<p class=\"p1\">2.10. Kui Tellija ei anna M\u00fc\u00fcjale \u00f5igust kauba asenduseks, tagastab M\u00fc\u00fcja ostusumma 7 t\u00f6\u00f6p\u00e4eva jooksul Ostjale.<\/p>\n<p class=\"p1\"><b>3. Tellimuse esitamine, ostu sooritamine.<\/b><\/p>\n<p class=\"p1\">3.1.Ostu sooritamiseks tuleb Tellijal esitada M\u00fc\u00fcja tellimiskeskkonnas (veebilehel www.forsius.ee) Tellimus.<\/p>\n<p class=\"p1\">3.2. Tellija valib tellimiskeskkonnas soovitud matusepaketi. Paketi p\u00f5hihind sisaldab olulisi esmaseid teenuseid ja tooteid, ilma milleta soovitud tellimuse t\u00e4itmine ei ole v\u00f5imalik. Tellija saab igale paketile juurde valida soovitud lisateenused ja tooted, mis v\u00f5ivad muuta paketi kogumaksumust. Tellimuse vormistamiseks t\u00e4itke n\u00f5utud andmev\u00e4ljad.<\/p>\n<p class=\"p1\">3.3.Tellimuse kinnitamiseks vajutage paketi ja lisavalikute l\u00f5pus olevale lingile \u201eSoovin tellida\u201c.<\/p>\n<p class=\"p1\">3.4. Ostukorvis on v\u00f5imalik veelkord tutvuda oma tellimuse sisuga ning \u00fcle kontrollida olulised andmed ja vajutage lingile \u201eSiirdun maksma\u201c.<\/p>\n<p class=\"p1\">3.5. Kassas t\u00e4itke n\u00f5utud Tellija kontaktandmetega v\u00e4ljad ning valige sobiv maksetingimus.<\/p>\n<p class=\"p3\">3.5.1. Makse \u00fclekandega (arve saadetakse emailile) ;<\/p>\n<p class=\"p3\">3.5.2. Kohene makse pangalingi kaudu ;<\/p>\n<p class=\"p3\">3.5.3. Kohene kaardimakse VISA v\u00f5i Maestro kaardiga.<\/p>\n<p class=\"p3\">3.5.4. J\u00e4relmaks. Valik erinevate krediidiandjate pakkumiste vahel.<\/p>\n<p class=\"p3\">3.5.5. Maksa hiljem. Tasumine kuu aja p\u00e4rast. Intress 0%, lepingu- ja lisatasu 0 eurot.<\/p>\n<p class=\"p1\">3.5.6. Jaota makse kolme kuu peale. Intress 0%, lepingu- ja lisatasu 0 eurot.<\/p>\n<p class=\"p1\">3.6. P\u00e4rast pangalingi kaudu tasumist tuleb Kliendil vajutada nupule \u201eTagasi kaupmehe juurde\u201c.<\/p>\n<p class=\"p1\">3.7. Tellimiskeskkonnas sooritatud tellimusi k\u00e4sitletakse t\u00f6\u00f6p\u00e4evadel E\u2212R 9:00\u221216:00 (v\u00e4ljaarvatud riiklikud p\u00fchad).<\/p>\n<p class=\"p1\">3.8. M\u00fc\u00fcja komplekteerib Ostja tellimuse, peale kogu tellimuse eest tasumist v\u00f5i ajatatud maksete puhul peale lepingu s\u00f5lmimist krediidiandjaga.<\/p>\n<p class=\"p1\">3.9. Tellimuse broneeringud leinatalitusele vormistatakse peale makse laekumist v\u00f5i ajatatud maksete puhul peale lepingu s\u00f5lmimist krediidiandjaga.<\/p>\n<p class=\"p1\">3.10. M\u00fc\u00fcjal on \u00f5igus tellimuse t\u00e4itmisest loobuda, teavitades sellest Tellijat koos loobumise p\u00f5hjusega. Juhul kui M\u00fc\u00fcja loobub tellimuse t\u00e4itmisest, tagastatakse tellimuse maksumus Tellija arveldusarvele 3 t\u00f6\u00f6p\u00e4eva jooksul.<\/p>\n<p class=\"p1\">3.11. Peale tellimuse vastuv\u00f5tmist v\u00f5tab M\u00fc\u00fcja klienditeenindus Tellijaga \u00fchendust ning k\u00e4iakse l\u00e4bi kogu tellimuse sisu ja koosk\u00f5lastatakse m\u00f5lema osapoole poolt.<\/p>\n<p class=\"p1\">3.12. Juhul, kui Tellijal on ekslikult v\u00f5i teadmatusest oluline teenus v\u00f5i toode tellimusest v\u00e4lja j\u00e4\u00e4nud esitatakse M\u00fc\u00fcja poolt Tellijale lisaarve, mis peab olema Tellija poolt laekunud M\u00fc\u00fcja arveldusarvele hiljemalt matusetalitusele eelneval p\u00e4eval.<\/p>\n<p class=\"p1\">3.13. Juhul, kui Tellija soovib loobuda m\u00f5nest lisateenusest v\u00f5i tootest tagastab M\u00fc\u00fcja vastavalt muudatusest tekkinud hinnavahe Tellija arveldusarvele 3 t\u00f6\u00f6p\u00e4eva jooksul ning esitab Tellijale parandatud korrektse arve v\u00f5i kreeditarve tagastatud summale.<\/p>\n<p class=\"p1\">3.14. Tellimuse l\u00f5plik arve saadetakse Tellijale peale tellimuse l\u00f5puleviimist.<\/p>\n<p class=\"p1\"><b>4. Matuse aja broneerimine<\/b><\/p>\n<p class=\"p1\">4.1.Kui Tellija poolt soovitud aega matusetalituse l\u00e4biviimiseks pole saadaval, v\u00f5etakse Tellijaga esimesel v\u00f5imalusel \u00fchendust ja koosk\u00f5lastatakse m\u00f5lemale osapoolele sobiv uus toimumise aeg.<\/p>\n<p class=\"p1\"><b>5.Tellimuse t\u00fchistamine, lepingust taganemine, toodete tagastamine.<\/b><\/p>\n<p class=\"p1\">5.1.Tulenevalt matusekaupade erip\u00e4rast ei osta M\u00fc\u00fcja tagasi juba kasutusse v\u00f5etud tooteid ega asendata tasuta (puus\u00e4rgid, urnid, lahkunu riided, valmistatud lilleseaded, hauakivid, jms.).<\/p>\n<p class=\"p1\"><b>6. Tasumine<\/b><\/p>\n<p class=\"p1\">6.1. Kui Tellija on tellinud matusepaketi tseremooniaga, siis broneering ajale kinnitub peale ostu sooritamist. M\u00fc\u00fcja esindaja v\u00f5tab Tellijaga \u00fchendust ja kinnitab leinatalituseks broneeritud aja esimesel v\u00f5imalusel, hiljemalt j\u00e4rgmisel t\u00f6\u00f6p\u00e4eval peale tellimuse vastuv\u00f5tmist.<\/p>\n<p class=\"p1\">6.2. Peale ostu sooritamist saadetakse Tellijale, tema poolt m\u00e4rgitud e-mailile tellimuse kinnitus, mis sisaldab tellimuse numbrit. Tellimuse kinnituse saatmisega loetakse m\u00fc\u00fcgileping Tellija ja M\u00fc\u00fcja vahel s\u00f5lmituks.<\/p>\n<p class=\"p1\">6.3. Koheselt peale tellimuse laekumist ja ostu sooritamist Tellija poolt, teeb M\u00fc\u00fcja vastavad broneeringud teenuse osutajatele (saalibroneering, leinak\u00f5neleja, muusik, jms.) ning edastab Tellijale kinnituse. Juhul, kui tellimuse t\u00e4itmine sel soovitud kellaajal mingil p\u00f5hjusel pole v\u00f5imalik, v\u00f5etakse Tellijaga koheselt \u00fchendust ja pakutakse ligil\u00e4hedast aega v\u00f5i leitakse m\u00f5lemale osapoolele teine sobiv aeg.<\/p>\n<p class=\"p1\"><b>7. Vastutus<\/b><\/p>\n<p class=\"p1\">7.1. Tellija vastutab k\u00f5igi andmete \u00f5igsuse eest, mis ta M\u00fc\u00fcjale tellimuses esitab.<\/p>\n<p class=\"p1\">7.2. M\u00fc\u00fcja t\u00f6\u00f6tleb Tellija isikuandmeid koosk\u00f5las isikuandmete kaitse seaduses kehtestatud n\u00f5uetega.<\/p>\n<p class=\"p1\">7.3. M\u00fc\u00fcja ei edasta, m\u00fc\u00fc ega avalikusta Tellija isikuandmeid kolmandatele isikutele, v.a. seaduses s\u00e4testatud juhtudel.<\/p>\n<p class=\"p1\">7.4.M\u00fc\u00fcja j\u00e4tab endale \u00f5iguse muuta tellimust tulenevalt olemasolevatest laovarudest, tarnetest v\u00f5i muudest t\u00f5rgetest. M\u00fc\u00fcja teavitab Tellijat koheselt k\u00f5ikidest sellistest muudatustest. Tellijal on kohustus muudatused kinnitada v\u00f5i tagasi l\u00fckata. Juhul kui Tellija nimetatud kohustust ei t\u00e4ida, on M\u00fc\u00fcjal \u00f5igus leping \u00fchepoolselt l\u00f5petada v\u00f5i asendada puuduolev toode samav\u00e4\u00e4rse teise tootega.<\/p>\n<div><span style=\"font-weight: bold;\">MONTONIO MAKSELAHENDUSED<\/span><\/div>\n<div><span style=\"font-weight: bold;\"><br><\/span><\/div>\n<div><span style=\"font-weight: bold;\">Montonio split makselahendus<\/span>&nbsp;&#8212; maksa kauba eest hiljem v\u00f5i kuni kolmes v\u00f5rdses osas!<br>Alates 100\u20ac ostusummast, saad ostukorvi maksumuse jagada mitme kuu peale &#8212; ilma intressi, lepingu-ja haldustasuta.<\/div>\n<ul style=\"font-size: 16px; font-style: normal; font-weight: 400;\">\n<li style=\"font-size: 16px;\">Maksa hiljem &#8212; Saad kauba eest maksta kuu aja p\u00e4rast ilma \u00fchegi lisatasuta. 0% intress, 0\u20ac lepingutasu ja 0\u20ac haldustasu.<\/li>\n<li style=\"font-size: 16px;\">Maksa 2 osas &#8212; Jaota maksed kahe kuu peale ilma \u00fchegi lisatasuta. 0% intress, 0\u20ac lepingutasu ja 0\u20ac haldustasu.<\/li>\n<li style=\"font-size: 16px;\">Maksa 3 osas &#8212; Jaota maksed kolme kuu peale ilma \u00fchegi lisatasuta. 0% intress, 0\u20ac lepingutasu ja 0\u20ac haldustasu.<\/li>\n<\/ul>\n<div>Kuidas toimida? &#8212; Vali e-poest v\u00e4lja sobivad tooted &#8212; lisa tooted ostukorvi &#8212; suundu maksma &#8212; t\u00e4ida vajalikud lahtrid &#8212; vali sobilikum osamaksete viis (maksa hiljem v\u00f5i 2-3 osas) &#8212; esita tellimus &#8212; tuvasta end Mobiili ID \/ Smart ID v\u00f5i ID-kaardiga &#8212; t\u00e4ida vajalikud l\u00fcngad &#8212; esita andmed!<\/div>\n<p style=\"font-size: 16px; font-style: normal; font-weight: 400;\">\n<\/p><div><span style=\"font-weight: bold;\">Montonio j\u00e4relmaks: \u00fcks taotlus \u2013 mitu pakkumist<\/span><br>Kasuta maksmiseks Montonio j\u00e4relmaksu \u2013 \u00fche taotlusega saad Sa pakkumise mitmelt krediidiandjalt.<br>Lisa soovitud tooted ostukorvi ning vali makseviisiks Montonio j\u00e4relmaks.<br>Vali sobiv lepinguperiood ning t\u00e4ida taotlus. J\u00e4relmaksuplatvormi kaudu saad sa mitmelt krediidiandjalt finantseerimispakkumise. Tutvu tingimustega ning vali enda jaoks sobivaim.<br>J\u00e4relmaksu tingimused:<\/div>\n<ul style=\"font-size: 16px; font-style: normal; font-weight: 400;\">\n<li style=\"font-size: 16px;\">J\u00e4relmaksuga finantseeritav summa&nbsp;<span dir=\"ltr\">100\u201310 000<\/span>&nbsp;eurot<\/li>\n<li style=\"font-size: 16px;\">Periood 3\u201360 kuud<\/li>\n<li style=\"font-size: 16px;\">Intress alates 9.5% algsummalt<\/li>\n<\/ul>\n<div>Krediidivahendusteenuse pakkujaks on Montonio Finance O\u00dc. J\u00e4relmaksu igakuise osamakse suurus on 12,19\u20ac ja krediidi kulukuse m\u00e4\u00e4r on 31% aastas j\u00e4rgmistel n\u00e4idistingimustel: kauba\/teenuse maksumus 250 \u20ac, sissemakse 0%, intress 9,5% algsummalt aastas (fikseeritud), lepingutasu 9,9\u20ac, igakuine kontohaldustasu 0,9\u20ac j\u00e4relmaksu periood 24 kuud, tasumine igakuiste annuiteet maksetena. Maksete ja tagasimaksete summa 324.06\u20ac. Vajadusel konsulteeri asjatundjatega.<\/div>\t\t\t\t\t\t\t\t<\/div>\n\t\t\t\t<\/div>\n\t\t\t\t\t<\/div>\n\t\t<\/div>\n\t\t\t\t\t<\/div>\n\t\t<\/section>\n\t\t\t\t<\/div>\n\t\t","protected":false},"excerpt":{"rendered":"<p>TELLIMISKESKKONNA TINGIMUSED 1.Tellimistingimuste kehtivus 1.1.Tingimused kehtivad tellimiskeskkonnas aadressil forsius.ee ostu sooritava isiku (edaspidi Tellija) ja Forsius Matuseb\u00fcroo O\u00dc (edaspidi M\u00fc\u00fcja) vahel teenuste ka kaupade ostmisel tekkivate kohustuste ja \u00f5iguste kohta. 1.2.Tellimuse ostu sooritamisel n\u00f5ustub Tellija tellimistingimustega t\u00e4ielikult. 1.3. K\u00f5ik tellimiskeskkonnas pakutavad teenused ja kaubad m\u00fc\u00fcakse Tellijale M\u00fc\u00fcja poolt. 2.Teenused ja kaubad. 2.1. K\u00f5ik teenused ja &hellip;<\/p>\n<p class=\"read-more\"> <a class=\"\" href=\"https:\/\/forsius.ee\/ru\/elementor-1943\/\"> <span class=\"screen-reader-text\">\u0423\u0441\u043b\u043e\u0432\u0438\u044f \u043f\u0440\u043e\u0434\u0430\u0436\u0438<\/span> \u041f\u043e\u0434\u0440\u043e\u0431\u043d\u0435\u0435 &raquo;<\/a><\/p>\n","protected":false},"author":1,"featured_media":0,"parent":0,"menu_order":0,"comment_status":"closed","ping_status":"closed","template":"","meta":{"site-sidebar-layout":"no-sidebar","site-content-layout":"page-builder","ast-global-header-display":"","ast-main-header-display":"","ast-hfb-above-header-display":"","ast-hfb-below-header-display":"","ast-hfb-mobile-header-display":"","site-post-title":"disabled","ast-breadcrumbs-content":"","ast-featured-img":"disabled","footer-sml-layout":"","theme-transparent-header-meta":"","adv-header-id-meta":"","stick-header-meta":"","header-above-stick-meta":"","header-main-stick-meta":"","header-below-stick-meta":"","footnotes":""},"class_list":["post-2393","page","type-page","status-publish","hentry"],"_links":{"self":[{"href":"https:\/\/forsius.ee\/ru\/wp-json\/wp\/v2\/pages\/2393","targetHints":{"allow":["GET"]}}],"collection":[{"href":"https:\/\/forsius.ee\/ru\/wp-json\/wp\/v2\/pages"}],"about":[{"href":"https:\/\/forsius.ee\/ru\/wp-json\/wp\/v2\/types\/page"}],"author":[{"embeddable":true,"href":"https:\/\/forsius.ee\/ru\/wp-json\/wp\/v2\/users\/1"}],"replies":[{"embeddable":true,"href":"https:\/\/forsius.ee\/ru\/wp-json\/wp\/v2\/comments?post=2393"}],"version-history":[{"count":1,"href":"https:\/\/forsius.ee\/ru\/wp-json\/wp\/v2\/pages\/2393\/revisions"}],"predecessor-version":[{"id":2414,"href":"https:\/\/forsius.ee\/ru\/wp-json\/wp\/v2\/pages\/2393\/revisions\/2414"}],"wp:attachment":[{"href":"https:\/\/forsius.ee\/ru\/wp-json\/wp\/v2\/media?parent=2393"}],"curies":[{"name":"wp","href":"https:\/\/api.w.org\/{rel}","templated":true}]}}